{"id":8,"date":"2024-11-12T11:15:22","date_gmt":"2024-11-12T10:15:22","guid":{"rendered":"https:\/\/lesvinsdelaurent.fr\/?page_id=8"},"modified":"2024-11-19T15:28:43","modified_gmt":"2024-11-19T14:28:43","slug":"elementor-8","status":"publish","type":"page","link":"https:\/\/lesvinsdelaurent.fr\/","title":{"rendered":"Accueil"},"content":{"rendered":"\t\t<div data-elementor-type=\"wp-post\" data-elementor-id=\"8\" class=\"elementor elementor-8\">\n\t\t\t\t<div class=\"elementor-element elementor-element-4bb0a95 e-flex e-con-boxed e-con e-parent\" data-id=\"4bb0a95\" data-element_type=\"container\">\n\t\t\t\t\t<div class=\"e-con-inner\">\n\t\t\t\t<div class=\"elementor-element elementor-element-1f8aa2d elementor-widget elementor-widget-spacer\" data-id=\"1f8aa2d\" data-element_type=\"widget\" data-widget_type=\"spacer.default\">\n\t\t\t\t<div class=\"elementor-widget-container\">\n\t\t\t\t\t\t\t<div class=\"elementor-spacer\">\n\t\t\t<div class=\"elementor-spacer-inner\"><\/div>\n\t\t<\/div>\n\t\t\t\t\t\t<\/div>\n\t\t\t\t<\/div>\n\t\t\t\t\t<\/div>\n\t\t\t\t<\/div>\n\t\t<div class=\"elementor-element elementor-element-86d8e35 e-flex e-con-boxed e-con e-parent\" data-id=\"86d8e35\" data-element_type=\"container\" data-settings=\"{&quot;background_background&quot;:&quot;classic&quot;}\">\n\t\t\t\t\t<div class=\"e-con-inner\">\n\t\t<div class=\"elementor-element elementor-element-b63b1b2 e-con-full e-flex e-con e-child\" data-id=\"b63b1b2\" data-element_type=\"container\">\n\t\t<div class=\"elementor-element elementor-element-06b3dc8 e-con-full e-flex e-con e-child\" data-id=\"06b3dc8\" data-element_type=\"container\">\n\t\t\t\t<div class=\"elementor-element elementor-element-ff7ed26 elementor-widget elementor-widget-heading\" data-id=\"ff7ed26\" data-element_type=\"widget\" data-widget_type=\"heading.default\">\n\t\t\t\t<div class=\"elementor-widget-container\">\n\t\t\t\t\t<h2 class=\"elementor-heading-title elementor-size-default\">Caviste Ind\u00e9pendant<\/h2>\t\t\t\t<\/div>\n\t\t\t\t<\/div>\n\t\t\t\t<div class=\"elementor-element elementor-element-28a95cb elementor-widget elementor-widget-heading\" data-id=\"28a95cb\" data-element_type=\"widget\" data-widget_type=\"heading.default\">\n\t\t\t\t<div class=\"elementor-widget-container\">\n\t\t\t\t\t<p class=\"elementor-heading-title elementor-size-default\">Depuis 2012 sur Issoudun<\/p>\t\t\t\t<\/div>\n\t\t\t\t<\/div>\n\t\t\t\t<div class=\"elementor-element elementor-element-157ce55 elementor-widget elementor-widget-heading\" data-id=\"157ce55\" data-element_type=\"widget\" data-widget_type=\"heading.default\">\n\t\t\t\t<div class=\"elementor-widget-container\">\n\t\t\t\t\t<p class=\"elementor-heading-title elementor-size-default\">Vins - Champagne - Spiritueux - Bi\u00e8res artisanales<\/p>\t\t\t\t<\/div>\n\t\t\t\t<\/div>\n\t\t\t\t<\/div>\n\t\t\t\t<div class=\"elementor-element elementor-element-c6eb36f elementor-tablet-align-center elementor-mobile-align-justify elementor-widget elementor-widget-button\" data-id=\"c6eb36f\" data-element_type=\"widget\" data-widget_type=\"button.default\">\n\t\t\t\t<div class=\"elementor-widget-container\">\n\t\t\t\t\t\t\t\t\t<div class=\"elementor-button-wrapper\">\n\t\t\t\t\t<a class=\"elementor-button elementor-button-link elementor-size-sm\" href=\"https:\/\/fairemescourses.fr\/issoudun\/les-vins-de-laurent-caviste\" target=\"_blank\">\n\t\t\t\t\t\t<span class=\"elementor-button-content-wrapper\">\n\t\t\t\t\t\t\t\t\t<span class=\"elementor-button-text\">D\u00e9couvrir la boutique en ligne<\/span>\n\t\t\t\t\t<\/span>\n\t\t\t\t\t<\/a>\n\t\t\t\t<\/div>\n\t\t\t\t\t\t\t\t<\/div>\n\t\t\t\t<\/div>\n\t\t\t\t<\/div>\n\t\t\t\t\t<\/div>\n\t\t\t\t<\/div>\n\t\t<div class=\"elementor-element elementor-element-46e6000 e-flex e-con-boxed e-con e-parent\" data-id=\"46e6000\" data-element_type=\"container\">\n\t\t\t\t\t<div class=\"e-con-inner\">\n\t\t<div class=\"elementor-element elementor-element-f2154a4 e-con-full e-flex e-con e-child\" data-id=\"f2154a4\" data-element_type=\"container\" data-settings=\"{&quot;background_background&quot;:&quot;classic&quot;}\">\n\t\t\t\t<div class=\"elementor-element elementor-element-ceb61ab elementor-widget elementor-widget-heading\" data-id=\"ceb61ab\" data-element_type=\"widget\" data-widget_type=\"heading.default\">\n\t\t\t\t<div class=\"elementor-widget-container\">\n\t\t\t\t\t<h2 class=\"elementor-heading-title elementor-size-default\">Des vins s\u00e9lectionn\u00e9s<\/h2>\t\t\t\t<\/div>\n\t\t\t\t<\/div>\n\t\t\t\t<div class=\"elementor-element elementor-element-cec7839 elementor-widget elementor-widget-text-editor\" data-id=\"cec7839\" data-element_type=\"widget\" data-widget_type=\"text-editor.default\">\n\t\t\t\t<div class=\"elementor-widget-container\">\n\t\t\t\t\t\t\t\t\t<p><span id=\"SLU143Es3vhXySlb\">Ils\u00a0<\/span><span id=\"VPQugrCQuusZnyJZ\">sont r\u00e9put\u00e9s pour leur qualit\u00e9 exceptionnelle et leur saveur incomparable. Chaque bouteille raconte une histoire, refl\u00e9tant le savoir-faire et la passion de Laurent pour l&#8217;art de la viticulture. Chaque gorg\u00e9e vous transporte dans les vignobles ensoleill\u00e9s de France, o\u00f9 les raisins m\u00fbrissent avec amour pour offrir des vins uniques et raffin\u00e9s. D\u00e9couvrir les Vins de Laurent, c&#8217;est plonger dans un univers de d\u00e9lices pour les sens, o\u00f9 chaque verre est une invitation \u00e0 c\u00e9l\u00e9brer la vie et l&#8217;amiti\u00e9. Sant\u00e9 !<\/span><\/p>\t\t\t\t\t\t\t\t<\/div>\n\t\t\t\t<\/div>\n\t\t\t\t<\/div>\n\t\t<div class=\"elementor-element elementor-element-a751fc2 e-con-full e-flex e-con e-child\" data-id=\"a751fc2\" data-element_type=\"container\" data-settings=\"{&quot;background_background&quot;:&quot;classic&quot;}\">\n\t\t\t\t<div class=\"elementor-element elementor-element-ae41093 elementor-widget elementor-widget-image\" data-id=\"ae41093\" data-element_type=\"widget\" data-widget_type=\"image.default\">\n\t\t\t\t<div class=\"elementor-widget-container\">\n\t\t\t\t\t\t\t\t\t\t\t\t\t\t\t<img fetchpriority=\"high\" decoding=\"async\" width=\"1024\" height=\"756\" src=\"https:\/\/lesvinsdelaurent.fr\/wp-content\/uploads\/2024\/11\/1-1024x756.png\" class=\"attachment-large size-large wp-image-146\" alt=\"Photo de bons vins chez Les vins de Laurent \u00e0 Issoudun\" srcset=\"https:\/\/lesvinsdelaurent.fr\/wp-content\/uploads\/2024\/11\/1-1024x756.png 1024w, https:\/\/lesvinsdelaurent.fr\/wp-content\/uploads\/2024\/11\/1-300x221.png 300w, https:\/\/lesvinsdelaurent.fr\/wp-content\/uploads\/2024\/11\/1-768x567.png 768w, https:\/\/lesvinsdelaurent.fr\/wp-content\/uploads\/2024\/11\/1.png 1084w\" sizes=\"(max-width: 1024px) 100vw, 1024px\" \/>\t\t\t\t\t\t\t\t\t\t\t\t\t\t\t<\/div>\n\t\t\t\t<\/div>\n\t\t\t\t<\/div>\n\t\t\t\t\t<\/div>\n\t\t\t\t<\/div>\n\t\t<div class=\"elementor-element elementor-element-b83563e e-flex e-con-boxed e-con e-parent\" data-id=\"b83563e\" data-element_type=\"container\">\n\t\t\t\t\t<div class=\"e-con-inner\">\n\t\t<div class=\"elementor-element elementor-element-f8fbcfe e-con-full e-flex e-con e-child\" data-id=\"f8fbcfe\" data-element_type=\"container\" data-settings=\"{&quot;background_background&quot;:&quot;classic&quot;}\">\n\t\t\t\t<div class=\"elementor-element elementor-element-eab4519 elementor-widget elementor-widget-image\" data-id=\"eab4519\" data-element_type=\"widget\" data-widget_type=\"image.default\">\n\t\t\t\t<div class=\"elementor-widget-container\">\n\t\t\t\t\t\t\t\t\t\t\t\t\t\t\t<img decoding=\"async\" width=\"1084\" height=\"800\" src=\"https:\/\/lesvinsdelaurent.fr\/wp-content\/uploads\/2024\/11\/3.png\" class=\"attachment-full size-full wp-image-147\" alt=\"\" srcset=\"https:\/\/lesvinsdelaurent.fr\/wp-content\/uploads\/2024\/11\/3.png 1084w, https:\/\/lesvinsdelaurent.fr\/wp-content\/uploads\/2024\/11\/3-300x221.png 300w, https:\/\/lesvinsdelaurent.fr\/wp-content\/uploads\/2024\/11\/3-1024x756.png 1024w, https:\/\/lesvinsdelaurent.fr\/wp-content\/uploads\/2024\/11\/3-768x567.png 768w\" sizes=\"(max-width: 1084px) 100vw, 1084px\" \/>\t\t\t\t\t\t\t\t\t\t\t\t\t\t\t<\/div>\n\t\t\t\t<\/div>\n\t\t\t\t<\/div>\n\t\t<div class=\"elementor-element elementor-element-886bc99 e-con-full e-flex e-con e-child\" data-id=\"886bc99\" data-element_type=\"container\" data-settings=\"{&quot;background_background&quot;:&quot;classic&quot;}\">\n\t\t\t\t<div class=\"elementor-element elementor-element-64e33fc elementor-widget elementor-widget-heading\" data-id=\"64e33fc\" data-element_type=\"widget\" data-widget_type=\"heading.default\">\n\t\t\t\t<div class=\"elementor-widget-container\">\n\t\t\t\t\t<h2 class=\"elementor-heading-title elementor-size-default\">S\u00e9lection de \u200bspiritueux<\/h2>\t\t\t\t<\/div>\n\t\t\t\t<\/div>\n\t\t\t\t<div class=\"elementor-element elementor-element-c84fd77 elementor-widget elementor-widget-text-editor\" data-id=\"c84fd77\" data-element_type=\"widget\" data-widget_type=\"text-editor.default\">\n\t\t\t\t<div class=\"elementor-widget-container\">\n\t\t\t\t\t\t\t\t\t<p><span id=\"FdB6UuRLuKkKpqEG\">Whiskies,<\/span><span id=\"KZ7hCHhcTfZBXdeh\"> <\/span><span id=\"cw21i4iX3ru56HFR\">rhums,<\/span><span id=\"J4DcEytzV6F7iWvY\"> <\/span><span id=\"Twcjr5obvlACiYb2\">cognac,<\/span><span id=\"sCJKkbtuWh7n85aC\"> <\/span><span id=\"SMGLjruCzWVIIeIH\">\u200barmagnac,..<\/span><span id=\"Q2vAD9NldK17Tvr9\"> <\/span><span id=\"QE5GKwtjGsBSAu3S\">des alcools de France \u200bou d&#8217;ailleurs pour une explosion de \u200bsaveurs dans les papilles.<\/span><\/p>\t\t\t\t\t\t\t\t<\/div>\n\t\t\t\t<\/div>\n\t\t\t\t<\/div>\n\t\t\t\t\t<\/div>\n\t\t\t\t<\/div>\n\t\t<div class=\"elementor-element elementor-element-c08d1b7 e-flex e-con-boxed e-con e-parent\" data-id=\"c08d1b7\" data-element_type=\"container\">\n\t\t\t\t\t<div class=\"e-con-inner\">\n\t\t<div class=\"elementor-element elementor-element-65e38bd e-con-full e-flex e-con e-child\" data-id=\"65e38bd\" data-element_type=\"container\" data-settings=\"{&quot;background_background&quot;:&quot;classic&quot;}\">\n\t\t\t\t<div class=\"elementor-element elementor-element-76b7a40 elementor-widget elementor-widget-heading\" data-id=\"76b7a40\" data-element_type=\"widget\" data-widget_type=\"heading.default\">\n\t\t\t\t<div class=\"elementor-widget-container\">\n\t\t\t\t\t<h2 class=\"elementor-heading-title elementor-size-default\">Des bi\u00e8res artisanales de grande qualit\u00e9<\/h2>\t\t\t\t<\/div>\n\t\t\t\t<\/div>\n\t\t\t\t<div class=\"elementor-element elementor-element-9ff2827 elementor-widget elementor-widget-text-editor\" data-id=\"9ff2827\" data-element_type=\"widget\" data-widget_type=\"text-editor.default\">\n\t\t\t\t<div class=\"elementor-widget-container\">\n\t\t\t\t\t\t\t\t\t<p>Principalement locales, le Berry aujourd&#8217;hui regorge de microbrasseries artisanales avec une s\u00e9lection de bi\u00e8res de France ou d&#8217;ailleurs.<\/p>\t\t\t\t\t\t\t\t<\/div>\n\t\t\t\t<\/div>\n\t\t\t\t<\/div>\n\t\t<div class=\"elementor-element elementor-element-c6eb8ac e-con-full e-flex e-con e-child\" data-id=\"c6eb8ac\" data-element_type=\"container\" data-settings=\"{&quot;background_background&quot;:&quot;classic&quot;}\">\n\t\t\t\t<div class=\"elementor-element elementor-element-10bbad2 elementor-widget elementor-widget-image\" data-id=\"10bbad2\" data-element_type=\"widget\" data-widget_type=\"image.default\">\n\t\t\t\t<div class=\"elementor-widget-container\">\n\t\t\t\t\t\t\t\t\t\t\t\t\t\t\t<img decoding=\"async\" width=\"1084\" height=\"800\" src=\"https:\/\/lesvinsdelaurent.fr\/wp-content\/uploads\/2024\/11\/2.png\" class=\"attachment-full size-full wp-image-148\" alt=\"Photo de bi\u00e8res artisanales chez Les vins de Laurent \u00e0 Issoudun\" srcset=\"https:\/\/lesvinsdelaurent.fr\/wp-content\/uploads\/2024\/11\/2.png 1084w, https:\/\/lesvinsdelaurent.fr\/wp-content\/uploads\/2024\/11\/2-300x221.png 300w, https:\/\/lesvinsdelaurent.fr\/wp-content\/uploads\/2024\/11\/2-1024x756.png 1024w, https:\/\/lesvinsdelaurent.fr\/wp-content\/uploads\/2024\/11\/2-768x567.png 768w\" sizes=\"(max-width: 1084px) 100vw, 1084px\" \/>\t\t\t\t\t\t\t\t\t\t\t\t\t\t\t<\/div>\n\t\t\t\t<\/div>\n\t\t\t\t<\/div>\n\t\t\t\t\t<\/div>\n\t\t\t\t<\/div>\n\t\t<div class=\"elementor-element elementor-element-a95f821 e-flex e-con-boxed e-con e-parent\" data-id=\"a95f821\" data-element_type=\"container\" data-settings=\"{&quot;background_background&quot;:&quot;classic&quot;}\">\n\t\t\t\t\t<div class=\"e-con-inner\">\n\t\t<div class=\"elementor-element elementor-element-aedf899 e-con-full e-flex e-con e-child\" data-id=\"aedf899\" data-element_type=\"container\">\n\t\t\t\t<div class=\"elementor-element elementor-element-1c2f1f6 elementor-widget elementor-widget-heading\" data-id=\"1c2f1f6\" data-element_type=\"widget\" data-widget_type=\"heading.default\">\n\t\t\t\t<div class=\"elementor-widget-container\">\n\t\t\t\t\t<h2 class=\"elementor-heading-title elementor-size-default\">Animation \u200boenologique<\/h2>\t\t\t\t<\/div>\n\t\t\t\t<\/div>\n\t\t\t\t<div class=\"elementor-element elementor-element-4b103b7 elementor-widget elementor-widget-heading\" data-id=\"4b103b7\" data-element_type=\"widget\" data-widget_type=\"heading.default\">\n\t\t\t\t<div class=\"elementor-widget-container\">\n\t\t\t\t\t<p class=\"elementor-heading-title elementor-size-default\">Introduction \u00e0 la d\u00e9gustation de vin<\/p>\t\t\t\t<\/div>\n\t\t\t\t<\/div>\n\t\t\t\t<div class=\"elementor-element elementor-element-957e65b elementor-widget elementor-widget-text-editor\" data-id=\"957e65b\" data-element_type=\"widget\" data-widget_type=\"text-editor.default\">\n\t\t\t\t<div class=\"elementor-widget-container\">\n\t\t\t\t\t\t\t\t\t<p>Pour s\u00e9lectionner et savourer un vin avec facilit\u00e9, il est essentiel d&#8217;explorer les fondements de la d\u00e9gustation, la vari\u00e9t\u00e9 des r\u00e9gions viticoles fran\u00e7aises, les principaux c\u00e9pages et les divers types de vins.<\/p>\t\t\t\t\t\t\t\t<\/div>\n\t\t\t\t<\/div>\n\t\t\t\t<div class=\"elementor-element elementor-element-84abae1 elementor-widget elementor-widget-text-editor\" data-id=\"84abae1\" data-element_type=\"widget\" data-widget_type=\"text-editor.default\">\n\t\t\t\t<div class=\"elementor-widget-container\">\n\t\t\t\t\t\t\t\t\t<p>Tarif 49\u20ac\/personne en rendez-vous individuel<\/p>\t\t\t\t\t\t\t\t<\/div>\n\t\t\t\t<\/div>\n\t\t\t\t<div class=\"elementor-element elementor-element-837a889 elementor-tablet-align-center elementor-mobile-align-center elementor-widget elementor-widget-button\" data-id=\"837a889\" data-element_type=\"widget\" data-widget_type=\"button.default\">\n\t\t\t\t<div class=\"elementor-widget-container\">\n\t\t\t\t\t\t\t\t\t<div class=\"elementor-button-wrapper\">\n\t\t\t\t\t<a class=\"elementor-button elementor-button-link elementor-size-sm\" href=\"mailto:lesvinsdelaurent@orange.fr\">\n\t\t\t\t\t\t<span class=\"elementor-button-content-wrapper\">\n\t\t\t\t\t\t\t\t\t<span class=\"elementor-button-text\">Contactez-moi<\/span>\n\t\t\t\t\t<\/span>\n\t\t\t\t\t<\/a>\n\t\t\t\t<\/div>\n\t\t\t\t\t\t\t\t<\/div>\n\t\t\t\t<\/div>\n\t\t\t\t<\/div>\n\t\t\t\t\t<\/div>\n\t\t\t\t<\/div>\n\t\t<div class=\"elementor-element elementor-element-e486e8a e-flex e-con-boxed e-con e-parent\" data-id=\"e486e8a\" data-element_type=\"container\">\n\t\t\t\t\t<div class=\"e-con-inner\">\n\t\t<div class=\"elementor-element elementor-element-418ba7f e-con-full e-flex e-con e-child\" data-id=\"418ba7f\" data-element_type=\"container\">\n\t\t\t\t<div class=\"elementor-element elementor-element-0060b08 elementor-widget elementor-widget-heading\" data-id=\"0060b08\" data-element_type=\"widget\" data-widget_type=\"heading.default\">\n\t\t\t\t<div class=\"elementor-widget-container\">\n\t\t\t\t\t<h2 class=\"elementor-heading-title elementor-size-default\">Offrez des colis gastronomiques<\/h2>\t\t\t\t<\/div>\n\t\t\t\t<\/div>\n\t\t\t\t<div class=\"elementor-element elementor-element-869541f elementor-widget elementor-widget-text-editor\" data-id=\"869541f\" data-element_type=\"widget\" data-widget_type=\"text-editor.default\">\n\t\t\t\t<div class=\"elementor-widget-container\">\n\t\t\t\t\t\t\t\t\t<p>Nous concevons des coffrets \u200bcadeaux personnalis\u00e9s tout au long \u200bde l&#8217;ann\u00e9e.<\/p>\t\t\t\t\t\t\t\t<\/div>\n\t\t\t\t<\/div>\n\t\t\t\t<\/div>\n\t\t<div class=\"elementor-element elementor-element-a9ea221 e-con-full e-flex e-con e-child\" data-id=\"a9ea221\" data-element_type=\"container\">\n\t\t\t\t<div class=\"elementor-element elementor-element-5bed563 elementor-widget elementor-widget-image\" data-id=\"5bed563\" data-element_type=\"widget\" data-widget_type=\"image.default\">\n\t\t\t\t<div class=\"elementor-widget-container\">\n\t\t\t\t\t\t\t\t\t\t\t\t\t\t\t<img loading=\"lazy\" decoding=\"async\" width=\"1024\" height=\"756\" src=\"https:\/\/lesvinsdelaurent.fr\/wp-content\/uploads\/2024\/11\/4-1024x756.png\" class=\"attachment-large size-large wp-image-149\" alt=\"Photo d&#039;un colis gastronomique avec vin chez Les Vins de Laurent \u00e0 Issoudun.\" srcset=\"https:\/\/lesvinsdelaurent.fr\/wp-content\/uploads\/2024\/11\/4-1024x756.png 1024w, https:\/\/lesvinsdelaurent.fr\/wp-content\/uploads\/2024\/11\/4-300x221.png 300w, https:\/\/lesvinsdelaurent.fr\/wp-content\/uploads\/2024\/11\/4-768x567.png 768w, https:\/\/lesvinsdelaurent.fr\/wp-content\/uploads\/2024\/11\/4.png 1084w\" sizes=\"(max-width: 1024px) 100vw, 1024px\" \/>\t\t\t\t\t\t\t\t\t\t\t\t\t\t\t<\/div>\n\t\t\t\t<\/div>\n\t\t\t\t<\/div>\n\t\t\t\t\t<\/div>\n\t\t\t\t<\/div>\n\t\t<div class=\"elementor-element elementor-element-d349bfc e-flex e-con-boxed e-con e-parent\" data-id=\"d349bfc\" data-element_type=\"container\">\n\t\t\t\t\t<div class=\"e-con-inner\">\n\t\t<div class=\"elementor-element elementor-element-dd1615a e-con-full e-flex e-con e-child\" data-id=\"dd1615a\" data-element_type=\"container\">\n\t\t\t\t<div class=\"elementor-element elementor-element-093f2eb elementor-widget elementor-widget-google_maps\" data-id=\"093f2eb\" data-element_type=\"widget\" data-widget_type=\"google_maps.default\">\n\t\t\t\t<div class=\"elementor-widget-container\">\n\t\t\t\t\t\t\t<div class=\"elementor-custom-embed\">\n\t\t\t<iframe loading=\"lazy\"\n\t\t\t\t\tsrc=\"https:\/\/maps.google.com\/maps?q=les%20vins%20de%20laurent%20zac%20les%20coincchettes%2036100%20Issoudun&#038;t=m&#038;z=16&#038;output=embed&#038;iwloc=near\"\n\t\t\t\t\ttitle=\"les vins de laurent zac les coincchettes 36100 Issoudun\"\n\t\t\t\t\taria-label=\"les vins de laurent zac les coincchettes 36100 Issoudun\"\n\t\t\t><\/iframe>\n\t\t<\/div>\n\t\t\t\t\t\t<\/div>\n\t\t\t\t<\/div>\n\t\t\t\t<\/div>\n\t\t<div class=\"elementor-element elementor-element-fd965de e-con-full e-flex e-con e-child\" data-id=\"fd965de\" data-element_type=\"container\">\n\t\t\t\t<div class=\"elementor-element elementor-element-d14ff74 elementor-widget elementor-widget-image\" data-id=\"d14ff74\" data-element_type=\"widget\" data-widget_type=\"image.default\">\n\t\t\t\t<div class=\"elementor-widget-container\">\n\t\t\t\t\t\t\t\t\t\t\t\t\t\t\t<img loading=\"lazy\" decoding=\"async\" width=\"960\" height=\"640\" src=\"https:\/\/lesvinsdelaurent.fr\/wp-content\/uploads\/2024\/11\/461655914_1052932123496923_2744852126395131854_n-1.jpg\" class=\"attachment-large size-large wp-image-187\" alt=\"Boutique Les Vins de Laurent\" srcset=\"https:\/\/lesvinsdelaurent.fr\/wp-content\/uploads\/2024\/11\/461655914_1052932123496923_2744852126395131854_n-1.jpg 960w, https:\/\/lesvinsdelaurent.fr\/wp-content\/uploads\/2024\/11\/461655914_1052932123496923_2744852126395131854_n-1-300x200.jpg 300w, https:\/\/lesvinsdelaurent.fr\/wp-content\/uploads\/2024\/11\/461655914_1052932123496923_2744852126395131854_n-1-768x512.jpg 768w\" sizes=\"(max-width: 960px) 100vw, 960px\" \/>\t\t\t\t\t\t\t\t\t\t\t\t\t\t\t<\/div>\n\t\t\t\t<\/div>\n\t\t\t\t<\/div>\n\t\t\t\t\t<\/div>\n\t\t\t\t<\/div>\n\t\t<div class=\"elementor-element elementor-element-3af4f2a e-flex e-con-boxed e-con e-parent\" data-id=\"3af4f2a\" data-element_type=\"container\" data-settings=\"{&quot;background_background&quot;:&quot;classic&quot;}\">\n\t\t\t\t\t<div class=\"e-con-inner\">\n\t\t\t\t<div class=\"elementor-element elementor-element-4008017 elementor-widget elementor-widget-heading\" data-id=\"4008017\" data-element_type=\"widget\" data-widget_type=\"heading.default\">\n\t\t\t\t<div class=\"elementor-widget-container\">\n\t\t\t\t\t<h2 class=\"elementor-heading-title elementor-size-default\">Envie d'acheter nos produits ?<\/h2>\t\t\t\t<\/div>\n\t\t\t\t<\/div>\n\t\t\t\t<div class=\"elementor-element elementor-element-70c2538 elementor-align-center elementor-widget elementor-widget-button\" data-id=\"70c2538\" data-element_type=\"widget\" data-widget_type=\"button.default\">\n\t\t\t\t<div class=\"elementor-widget-container\">\n\t\t\t\t\t\t\t\t\t<div class=\"elementor-button-wrapper\">\n\t\t\t\t\t<a class=\"elementor-button elementor-button-link elementor-size-sm\" href=\"https:\/\/fairemescourses.fr\/issoudun\/les-vins-de-laurent-caviste\" target=\"_blank\">\n\t\t\t\t\t\t<span class=\"elementor-button-content-wrapper\">\n\t\t\t\t\t\t\t\t\t<span class=\"elementor-button-text\">D\u00e9couvrez la boutique en ligne<\/span>\n\t\t\t\t\t<\/span>\n\t\t\t\t\t<\/a>\n\t\t\t\t<\/div>\n\t\t\t\t\t\t\t\t<\/div>\n\t\t\t\t<\/div>\n\t\t\t\t\t<\/div>\n\t\t\t\t<\/div>\n\t\t\t\t<\/div>\n\t\t","protected":false},"excerpt":{"rendered":"<p>Caviste Ind\u00e9pendant Depuis 2012 sur Issoudun Vins &#8211; Champagne &#8211; Spiritueux &#8211; Bi\u00e8res artisanales D\u00e9couvrir la boutique en ligne Des [&hellip;]<\/p>\n","protected":false},"author":1,"featured_media":0,"parent":0,"menu_order":0,"comment_status":"closed","ping_status":"closed","template":"","meta":{"site-sidebar-layout":"no-sidebar","site-content-layout":"","ast-site-content-layout":"full-width-container","site-content-style":"default","site-sidebar-style":"default","ast-global-header-display":"","ast-banner-title-visibility":"","ast-main-header-display":"","ast-hfb-above-header-display":"","ast-hfb-below-header-display":"","ast-hfb-mobile-header-display":"","site-post-title":"disabled","ast-breadcrumbs-content":"","ast-featured-img":"disabled","footer-sml-layout":"","theme-transparent-header-meta":"","adv-header-id-meta":"","stick-header-meta":"","header-above-stick-meta":"","header-main-stick-meta":"","header-below-stick-meta":"","astra-migrate-meta-layouts":"default","ast-page-background-enabled":"default","ast-page-background-meta":{"desktop":{"background-color":"var(--ast-global-color-4)","background-image":"","background-repeat":"repeat","background-position":"center center","background-size":"auto","background-attachment":"scroll","background-type":"","background-media":"","overlay-type":"","overlay-color":"","overlay-opacity":"","overlay-gradient":""},"tablet":{"background-color":"","background-image":"","background-repeat":"repeat","background-position":"center center","background-size":"auto","background-attachment":"scroll","background-type":"","background-media":"","overlay-type":"","overlay-color":"","overlay-opacity":"","overlay-gradient":""},"mobile":{"background-color":"","background-image":"","background-repeat":"repeat","background-position":"center center","background-size":"auto","background-attachment":"scroll","background-type":"","background-media":"","overlay-type":"","overlay-color":"","overlay-opacity":"","overlay-gradient":""}},"ast-content-background-meta":{"desktop":{"background-color":"var(--ast-global-color-5)","background-image":"","background-repeat":"repeat","background-position":"center center","background-size":"auto","background-attachment":"scroll","background-type":"","background-media":"","overlay-type":"","overlay-color":"","overlay-opacity":"","overlay-gradient":""},"tablet":{"background-color":"var(--ast-global-color-5)","background-image":"","background-repeat":"repeat","background-position":"center center","background-size":"auto","background-attachment":"scroll","background-type":"","background-media":"","overlay-type":"","overlay-color":"","overlay-opacity":"","overlay-gradient":""},"mobile":{"background-color":"var(--ast-global-color-5)","background-image":"","background-repeat":"repeat","background-position":"center center","background-size":"auto","background-attachment":"scroll","background-type":"","background-media":"","overlay-type":"","overlay-color":"","overlay-opacity":"","overlay-gradient":""}},"footnotes":""},"class_list":["post-8","page","type-page","status-publish","hentry"],"_links":{"self":[{"href":"https:\/\/lesvinsdelaurent.fr\/index.php?rest_route=\/wp\/v2\/pages\/8","targetHints":{"allow":["GET"]}}],"collection":[{"href":"https:\/\/lesvinsdelaurent.fr\/index.php?rest_route=\/wp\/v2\/pages"}],"about":[{"href":"https:\/\/lesvinsdelaurent.fr\/index.php?rest_route=\/wp\/v2\/types\/page"}],"author":[{"embeddable":true,"href":"https:\/\/lesvinsdelaurent.fr\/index.php?rest_route=\/wp\/v2\/users\/1"}],"replies":[{"embeddable":true,"href":"https:\/\/lesvinsdelaurent.fr\/index.php?rest_route=%2Fwp%2Fv2%2Fcomments&post=8"}],"version-history":[{"count":120,"href":"https:\/\/lesvinsdelaurent.fr\/index.php?rest_route=\/wp\/v2\/pages\/8\/revisions"}],"predecessor-version":[{"id":202,"href":"https:\/\/lesvinsdelaurent.fr\/index.php?rest_route=\/wp\/v2\/pages\/8\/revisions\/202"}],"wp:attachment":[{"href":"https:\/\/lesvinsdelaurent.fr\/index.php?rest_route=%2Fwp%2Fv2%2Fmedia&parent=8"}],"curies":[{"name":"wp","href":"https:\/\/api.w.org\/{rel}","templated":true}]}}